{"id":9,"date":"2015-02-24T17:12:01","date_gmt":"2015-02-24T17:12:01","guid":{"rendered":"http:\/\/restauracioncapilar.com\/?page_id=9"},"modified":"2015-03-06T03:35:19","modified_gmt":"2015-03-06T03:35:19","slug":"nuestra-tecnica","status":"publish","type":"page","link":"https:\/\/restauracioncapillar.com\/?page_id=9","title":{"rendered":"Nuestra T\u00e9cnica"},"content":{"rendered":"<p><strong><span style=\"color: #800000;\">Calvicie, alopecia<\/span><\/strong><\/p>\n<p>Perdida de cabello debida a factores androgeneticos, \u00a0f\u00edsicos, qu\u00edmicos, stress y nutrici\u00f3n.<\/p>\n<p>La alopecia androgenetica afecta mas a hombres que a mujeres. Afectando en el hombre, entradas, regi\u00f3n frontal temporal y coronilla (vertex). Donde el cabello se vuelve mas fino degenerando el fol\u00edculo llegando a una atrofia definitiva y perdida del cabello.<\/p>\n<p>&nbsp;<\/p>\n<p><strong><span style=\"color: #800000;\">Efectuamos<\/span><\/strong><\/p>\n<p>Colocaci\u00f3n de cabello, cejas (hombres y mujeres), bigote, barba y restauraci\u00f3n de cicatrices.<\/p>\n<p>&nbsp;<\/p>\n<p><span style=\"color: #800000;\"><b>T\u00e9cnica<\/b><\/span><strong><span style=\"color: #800000;\">\u00a0FUE<\/span><\/strong><\/p>\n<p>Procedimiento 100% ambulatorio, con anestesia local, terminado el procedimiento el paciente se retira a su casa, ideal para todos los tipos de p\u00e9rdida de cabello en hombres y mujeres.<\/p>\n<p>&nbsp;<\/p>\n<p><a href=\"http:\/\/restauracioncapilar.com\/wp-content\/uploads\/2015\/02\/fue11.jpg\"><img loading=\"lazy\" decoding=\"async\" class=\"alignnone  wp-image-214\" src=\"http:\/\/restauracioncapilar.com\/wp-content\/uploads\/2015\/02\/fue11-300x183.jpg\" alt=\"T\u00e9cnia FUE\" width=\"356\" height=\"217\" srcset=\"https:\/\/restauracioncapillar.com\/wp-content\/uploads\/2015\/02\/fue11-300x183.jpg 300w, https:\/\/restauracioncapillar.com\/wp-content\/uploads\/2015\/02\/fue11.jpg 450w\" sizes=\"auto, (max-width: 356px) 100vw, 356px\" \/><\/a><\/p>\n<p>&nbsp;<\/p>\n<p>&nbsp;<\/p>\n<p><strong>Nuestra T\u00e9cnica consiste en tres pasos.<\/strong><\/p>\n<p>Procedimiento m\u00ednimo invasivo, que no requiere de cirug\u00eda, efectuado con delicadas herramientas y un equipo de m\u00e9dicos altamente capacitados, creando un resultado 100% natural, para nuestros pacientes.<\/p>\n<ol>\n<li>\u00a0<strong>Extracci\u00f3n<br \/>\n<\/strong>Se extraen los fol\u00edculos de la regi\u00f3n occipital, hacia las regi\u00f3n temporal, uno a uno, hasta obtener la cantidad adecuada para su colocaci\u00f3n.<strong><br \/>\n<\/strong><\/li>\n<li><strong>Preparaci\u00f3n folicular<\/strong><br \/>\nPersonal capacitado limpia el exceso de piel de los fol\u00edculos y los mantiene a temperatura baja.<\/li>\n<li><strong>Colocaci\u00f3n<\/strong><br \/>\nCon dise\u00f1o de acuerdo a su apariencia, en la cual interact\u00faa el paciente dando su opini\u00f3n, colocando est\u00e9ticamente los cabellos en las \u00e1reas requeridas uno a uno, con direcci\u00f3n, Angulo, profundidad, con instrumental especial.<\/li>\n<li><img loading=\"lazy\" decoding=\"async\" class=\"size-medium wp-image-169\" src=\"http:\/\/restauracioncapilar.com\/wp-content\/uploads\/2015\/02\/fue2-300x205.jpg\" alt=\"Tecnica FUE\" width=\"300\" height=\"205\" srcset=\"https:\/\/restauracioncapillar.com\/wp-content\/uploads\/2015\/02\/fue2-300x205.jpg 300w, https:\/\/restauracioncapillar.com\/wp-content\/uploads\/2015\/02\/fue2.jpg 419w\" sizes=\"auto, (max-width: 300px) 100vw, 300px\" \/><\/li>\n<\/ol>\n<p><strong>T\u00e9cnica de extracci\u00f3n de cabello. La m\u00e1s reciente en microinjert\u00f3.<\/strong><\/p>\n<ul>\n<li>No hay cirug\u00eda.<\/li>\n<li>No hay cicatriz.<\/li>\n<li>Con anestesia local.<\/li>\n<li>Sin da\u00f1o folicular.<\/li>\n<li>Colocaci\u00f3n natural.<\/li>\n<li>Pronta recuperaci\u00f3n.<\/li>\n<\/ul>\n<p>&nbsp;<\/p>\n<p><strong><span style=\"color: #800000;\">Diferencia entre nuestra t\u00e9cnica y la TIRA\u00a0<\/span><\/strong><\/p>\n<p>Ambas ofrecen los mismos resultados, ofreciendo nosotros pronta recuperaci\u00f3n, e integraci\u00f3n a sus labores con el m\u00ednimo de dolor y la antiest\u00e9tica cicatriz.<\/p>\n<p>&nbsp;<\/p>\n","protected":false},"excerpt":{"rendered":"<p>Calvicie, alopecia Perdida de cabello debida a factores androgeneticos, \u00a0f\u00edsicos, qu\u00edmicos, stress y nutrici\u00f3n. La alopecia androgenetica afecta mas a hombres que a mujeres. Afectando en el hombre, entradas, regi\u00f3n frontal temporal y coronilla (vertex). Donde el cabello se vuelve mas fino degenerando el fol\u00edculo llegando a una atrofia definitiva y perdida del cabello. &nbsp; [&hellip;]<\/p>\n","protected":false},"author":1,"featured_media":0,"parent":0,"menu_order":0,"comment_status":"open","ping_status":"open","template":"","meta":{"footnotes":""},"class_list":["post-9","page","type-page","status-publish","czr-hentry"],"_links":{"self":[{"href":"https:\/\/restauracioncapillar.com\/index.php?rest_route=\/wp\/v2\/pages\/9","targetHints":{"allow":["GET"]}}],"collection":[{"href":"https:\/\/restauracioncapillar.com\/index.php?rest_route=\/wp\/v2\/pages"}],"about":[{"href":"https:\/\/restauracioncapillar.com\/index.php?rest_route=\/wp\/v2\/types\/page"}],"author":[{"embeddable":true,"href":"https:\/\/restauracioncapillar.com\/index.php?rest_route=\/wp\/v2\/users\/1"}],"replies":[{"embeddable":true,"href":"https:\/\/restauracioncapillar.com\/index.php?rest_route=%2Fwp%2Fv2%2Fcomments&post=9"}],"version-history":[{"count":19,"href":"https:\/\/restauracioncapillar.com\/index.php?rest_route=\/wp\/v2\/pages\/9\/revisions"}],"predecessor-version":[{"id":215,"href":"https:\/\/restauracioncapillar.com\/index.php?rest_route=\/wp\/v2\/pages\/9\/revisions\/215"}],"wp:attachment":[{"href":"https:\/\/restauracioncapillar.com\/index.php?rest_route=%2Fwp%2Fv2%2Fmedia&parent=9"}],"curies":[{"name":"wp","href":"https:\/\/api.w.org\/{rel}","templated":true}]}}