{"id":7,"date":"2015-02-24T17:11:45","date_gmt":"2015-02-24T17:11:45","guid":{"rendered":"http:\/\/restauracioncapilar.com\/?page_id=7"},"modified":"2015-03-02T17:35:52","modified_gmt":"2015-03-02T17:35:52","slug":"nosotros","status":"publish","type":"page","link":"https:\/\/restauracioncapillar.com\/?page_id=7","title":{"rendered":"Nosotros"},"content":{"rendered":"<p><span style=\"color: #800000;\"><strong>Misi\u00f3n<\/strong><\/span><\/p>\n<p>&nbsp;<\/p>\n<ul>\n<li>M\u00e9dicos a quienes confiar tu imagen, altamente capacitados en ofrecerte un servicio de calidad.<\/li>\n<li>M\u00e9dicos con vocaci\u00f3n de servicio, con la mejor tecnolog\u00eda en el cuidado de tu cabello e imagen.<\/li>\n<li>Restauramos tu imagen, no simplemente colocamos cabello, dando est\u00e9tica y resultados 100% naturales.<\/li>\n<li>M\u00e9dicos expertos en el Microimplante y cuidado de tu cabello.<\/li>\n<\/ul>\n<p>&nbsp;<\/p>\n<p><span style=\"color: #800000;\"><b>Visi\u00f3n<\/b><\/span><\/p>\n<p>Mirar hacia el futuro con la necesidad de encontrar los mejores resultados capilares.<\/p>\n<p><a href=\"http:\/\/restauracioncapilar.com\/wp-content\/uploads\/2015\/02\/nosotros.jpg\"><img loading=\"lazy\" decoding=\"async\" class=\" size-medium wp-image-141 alignleft\" src=\"http:\/\/restauracioncapilar.com\/wp-content\/uploads\/2015\/02\/nosotros-300x250.jpg\" alt=\"nosotros\" width=\"300\" height=\"250\" srcset=\"https:\/\/restauracioncapillar.com\/wp-content\/uploads\/2015\/02\/nosotros-300x250.jpg 300w, https:\/\/restauracioncapillar.com\/wp-content\/uploads\/2015\/02\/nosotros.jpg 445w\" sizes=\"auto, (max-width: 300px) 100vw, 300px\" \/><\/a><\/p>\n<p>&nbsp;<\/p>\n","protected":false},"excerpt":{"rendered":"<p>Misi\u00f3n &nbsp; M\u00e9dicos a quienes confiar tu imagen, altamente capacitados en ofrecerte un servicio de calidad. M\u00e9dicos con vocaci\u00f3n de servicio, con la mejor tecnolog\u00eda en el cuidado de tu cabello e imagen. Restauramos tu imagen, no simplemente colocamos cabello, dando est\u00e9tica y resultados 100% naturales. M\u00e9dicos expertos en el Microimplante y cuidado de tu [&hellip;]<\/p>\n","protected":false},"author":1,"featured_media":0,"parent":0,"menu_order":0,"comment_status":"open","ping_status":"open","template":"","meta":{"footnotes":""},"class_list":["post-7","page","type-page","status-publish","czr-hentry"],"_links":{"self":[{"href":"https:\/\/restauracioncapillar.com\/index.php?rest_route=\/wp\/v2\/pages\/7","targetHints":{"allow":["GET"]}}],"collection":[{"href":"https:\/\/restauracioncapillar.com\/index.php?rest_route=\/wp\/v2\/pages"}],"about":[{"href":"https:\/\/restauracioncapillar.com\/index.php?rest_route=\/wp\/v2\/types\/page"}],"author":[{"embeddable":true,"href":"https:\/\/restauracioncapillar.com\/index.php?rest_route=\/wp\/v2\/users\/1"}],"replies":[{"embeddable":true,"href":"https:\/\/restauracioncapillar.com\/index.php?rest_route=%2Fwp%2Fv2%2Fcomments&post=7"}],"version-history":[{"count":8,"href":"https:\/\/restauracioncapillar.com\/index.php?rest_route=\/wp\/v2\/pages\/7\/revisions"}],"predecessor-version":[{"id":174,"href":"https:\/\/restauracioncapillar.com\/index.php?rest_route=\/wp\/v2\/pages\/7\/revisions\/174"}],"wp:attachment":[{"href":"https:\/\/restauracioncapillar.com\/index.php?rest_route=%2Fwp%2Fv2%2Fmedia&parent=7"}],"curies":[{"name":"wp","href":"https:\/\/api.w.org\/{rel}","templated":true}]}}