{"id":13,"date":"2015-02-24T17:12:29","date_gmt":"2015-02-24T17:12:29","guid":{"rendered":"http:\/\/restauracioncapilar.com\/?page_id=13"},"modified":"2015-03-06T03:43:12","modified_gmt":"2015-03-06T03:43:12","slug":"preguntas","status":"publish","type":"page","link":"https:\/\/restauracioncapillar.com\/?page_id=13","title":{"rendered":"Preguntas"},"content":{"rendered":"<p>&nbsp;<\/p>\n<p style=\"text-align: center;\"><a href=\"http:\/\/restauracioncapilar.com\/wp-content\/uploads\/2015\/02\/duda.jpg\"><img loading=\"lazy\" decoding=\"async\" class=\"alignnone size-medium wp-image-217\" src=\"http:\/\/restauracioncapilar.com\/wp-content\/uploads\/2015\/02\/duda-279x300.jpg\" alt=\"Preguntas\" width=\"279\" height=\"300\" srcset=\"https:\/\/restauracioncapillar.com\/wp-content\/uploads\/2015\/02\/duda-279x300.jpg 279w, https:\/\/restauracioncapillar.com\/wp-content\/uploads\/2015\/02\/duda.jpg 400w\" sizes=\"auto, (max-width: 279px) 100vw, 279px\" \/><\/a><\/p>\n<ul>\n<li><strong>Que es la calvicie?<br \/>\n<\/strong>R=Perdida de cabello, debida a diferentes causas, androgenetica, stress, alimenticia, medicamentosa, en la cual el cabello se debilita y se hace mas fino, hasta degenerar el fol\u00edculo, causando su atrofia definitiva.<\/li>\n<\/ul>\n<p>&nbsp;<\/p>\n<ul>\n<li><strong>Que es el Microimplante de cabello?<\/strong><br \/>\nR= Es al colocaci\u00f3n 100% natural del cabello y su fol\u00edculo, con herramientas sofisticadas, en la zona receptora ( frontal, entradas, coronilla, as\u00ed como ceja, bigote y barba ), dando \u00e1ngulo, direcci\u00f3n, profundidad al cabello y un aspecto natural.<\/li>\n<\/ul>\n<p>&nbsp;<\/p>\n<ul>\n<li><strong>En qu\u00e9 tipo de calvicie es efectivo este procedimiento?<\/strong><br \/>\nR= En todos aquellos tipos de p\u00e9rdida de cabello, en regi\u00f3n frontal, vertex ( coronilla ), entradas, cicatrices, as\u00ed como restauraci\u00f3n de volumen en zonas de poca densidad, tambi\u00e9n restauramos ceja, bigote, barba, con resultados naturales. Pide informes.<\/li>\n<\/ul>\n<p>&nbsp;<\/p>\n<ul>\n<li><strong>Como se obtienen los\u00a0fol\u00edculos ( T\u00e9cnica FUE )?<\/strong><br \/>\nR=Extracci\u00f3n folicular \u00fanica ( FUE ), de cabello por cabello con su fol\u00edculo, por personal capacitado, con herramientas especializadas, de la regi\u00f3n occipital y puede llegar a la temporal, para obtener la cantidad necesaria de cabellos, para efectuar su colocaci\u00f3n. ( aqu\u00ed en esta pregunta poner ( T\u00e9cnica FUE ) ).<\/li>\n<\/ul>\n<p>&nbsp;<\/p>\n<p><strong>Si tienes mas preguntas, dudas o aclaraciones, ind\u00edcalas en el chat para darles respuesta.<\/strong><\/p>\n","protected":false},"excerpt":{"rendered":"<p>&nbsp; Que es la calvicie? R=Perdida de cabello, debida a diferentes causas, androgenetica, stress, alimenticia, medicamentosa, en la cual el cabello se debilita y se hace mas fino, hasta degenerar el fol\u00edculo, causando su atrofia definitiva. &nbsp; Que es el Microimplante de cabello? R= Es al colocaci\u00f3n 100% natural del cabello y su fol\u00edculo, con [&hellip;]<\/p>\n","protected":false},"author":1,"featured_media":0,"parent":0,"menu_order":0,"comment_status":"open","ping_status":"open","template":"","meta":{"footnotes":""},"class_list":["post-13","page","type-page","status-publish","czr-hentry"],"_links":{"self":[{"href":"https:\/\/restauracioncapillar.com\/index.php?rest_route=\/wp\/v2\/pages\/13","targetHints":{"allow":["GET"]}}],"collection":[{"href":"https:\/\/restauracioncapillar.com\/index.php?rest_route=\/wp\/v2\/pages"}],"about":[{"href":"https:\/\/restauracioncapillar.com\/index.php?rest_route=\/wp\/v2\/types\/page"}],"author":[{"embeddable":true,"href":"https:\/\/restauracioncapillar.com\/index.php?rest_route=\/wp\/v2\/users\/1"}],"replies":[{"embeddable":true,"href":"https:\/\/restauracioncapillar.com\/index.php?rest_route=%2Fwp%2Fv2%2Fcomments&post=13"}],"version-history":[{"count":8,"href":"https:\/\/restauracioncapillar.com\/index.php?rest_route=\/wp\/v2\/pages\/13\/revisions"}],"predecessor-version":[{"id":218,"href":"https:\/\/restauracioncapillar.com\/index.php?rest_route=\/wp\/v2\/pages\/13\/revisions\/218"}],"wp:attachment":[{"href":"https:\/\/restauracioncapillar.com\/index.php?rest_route=%2Fwp%2Fv2%2Fmedia&parent=13"}],"curies":[{"name":"wp","href":"https:\/\/api.w.org\/{rel}","templated":true}]}}